{"id":2797,"date":"2024-09-05T09:02:47","date_gmt":"2024-09-05T07:02:47","guid":{"rendered":"http:\/\/hp2024.eitec-gmbh.de\/?page_id=2797"},"modified":"2024-09-05T09:28:36","modified_gmt":"2024-09-05T07:28:36","slug":"desulphurization-diff","status":"publish","type":"page","link":"https:\/\/www.eitec-gmbh.de\/en\/entschwefelung-diff\/","title":{"rendered":"Entschwefelung &#8211; DIFF"},"content":{"rendered":"<div data-elementor-type=\"wp-post\" data-elementor-id=\"2797\" class=\"elementor elementor-2797\" data-elementor-post-type=\"page\">\n\t\t\t\t<div class=\"elementor-element elementor-element-e1cbec0 e-flex e-con-boxed e-con e-parent\" data-id=\"e1cbec0\" data-element_type=\"container\" data-e-type=\"container\" data-settings=\"{&quot;background_background&quot;:&quot;classic&quot;}\">\n\t\t\t\t\t<div class=\"e-con-inner\">\n\t\t<div class=\"elementor-element elementor-element-2907932 e-con-full e-flex e-con e-child\" data-id=\"2907932\" data-element_type=\"container\" data-e-type=\"container\">\n\t\t\t\t<div class=\"elementor-element elementor-element-472a699 elementor-widget elementor-widget-heading\" data-id=\"472a699\" data-element_type=\"widget\" data-e-type=\"widget\" data-widget_type=\"heading.default\">\n\t\t\t\t<div class=\"elementor-widget-container\">\n\t\t\t\t\t<h1 class=\"elementor-heading-title elementor-size-default\">Desulphuri\u00ad\u00ad\u00adzation\u00ad\u00ad<\/h1>\t\t\t\t<\/div>\n\t\t\t\t<\/div>\n\t\t\t\t<\/div>\n\t\t\t\t\t<\/div>\n\t\t\t\t<\/div>\n\t\t<div class=\"elementor-element elementor-element-e1d6fb4 e-flex e-con-boxed e-con e-parent\" data-id=\"e1d6fb4\" data-element_type=\"container\" data-e-type=\"container\" data-settings=\"{&quot;background_background&quot;:&quot;classic&quot;}\">\n\t\t\t\t\t<div class=\"e-con-inner\">\n\t\t<div class=\"elementor-element elementor-element-9b1d13b e-con-full e-flex e-con e-child\" data-id=\"9b1d13b\" data-element_type=\"container\" data-e-type=\"container\">\n\t\t\t\t<div class=\"elementor-element elementor-element-5afd00c elementor-widget elementor-widget-heading\" data-id=\"5afd00c\" data-element_type=\"widget\" data-e-type=\"widget\" data-widget_type=\"heading.default\">\n\t\t\t\t<div class=\"elementor-widget-container\">\n\t\t\t\t\t<h5 class=\"elementor-heading-title elementor-size-default\">Desulphuri\u00ad\u00ad\u00adzation\u00ad\u00ad<\/h5>\t\t\t\t<\/div>\n\t\t\t\t<\/div>\n\t\t\t\t<div class=\"elementor-element elementor-element-f49cae6 elementor-widget elementor-widget-heading\" data-id=\"f49cae6\" data-element_type=\"widget\" data-e-type=\"widget\" data-widget_type=\"heading.default\">\n\t\t\t\t<div class=\"elementor-widget-container\">\n\t\t\t\t\t<h2 class=\"elementor-heading-title elementor-size-default\">Desulphurization (DIFF)<\/h2>\t\t\t\t<\/div>\n\t\t\t\t<\/div>\n\t\t\t\t<div class=\"elementor-element elementor-element-7e0ae1a elementor-widget elementor-widget-text-editor\" data-id=\"7e0ae1a\" data-element_type=\"widget\" data-e-type=\"widget\" data-widget_type=\"text-editor.default\">\n\t\t\t\t<div class=\"elementor-widget-container\">\n\t\t\t\t\t\t\t\t\t<p>The basic structure of the dust filter is similar to that of the pure dust filter.<\/p><p>Different reagents are available for cleaning acidic components, which are selected according to temperature, pollutant and humidity.<\/p><p>Two silos are usually available for storing the reagent and for disposal, one of which is filled with fresh material and the other with waste material. To simplify logistics, the size of the fresh material silo is designed to be filled by one or more silo vehicles.<\/p><p>The waste silo can be positioned on a separate steel structure so that the silo truck can be filled.<\/p><p>For better distribution and absorption capacity, some of the waste material is added to the fresh material via a recirculation line, which ultimately benefits the consumption of fresh material.<\/p><p>A further reduction in fresh material consumption is achieved by increasing the moisture in the reagent.<\/p><p>If the raw gas contains other pollutants, these can be neutralized by adding activated carbon, for example.<\/p>\t\t\t\t\t\t\t\t<\/div>\n\t\t\t\t<\/div>\n\t\t\t\t<\/div>\n\t\t<div class=\"elementor-element elementor-element-8305a21 e-con-full e-flex e-con e-child\" data-id=\"8305a21\" data-element_type=\"container\" data-e-type=\"container\">\n\t\t\t\t<\/div>\n\t\t\t\t\t<\/div>\n\t\t\t\t<\/div>\n\t\t<div class=\"elementor-element elementor-element-179f49d e-flex e-con-boxed e-con e-parent\" data-id=\"179f49d\" data-element_type=\"container\" data-e-type=\"container\" data-settings=\"{&quot;background_background&quot;:&quot;classic&quot;}\">\n\t\t\t\t\t<div class=\"e-con-inner\">\n\t\t<div class=\"elementor-element elementor-element-0a4691b e-con-full e-flex e-con e-child\" data-id=\"0a4691b\" data-element_type=\"container\" data-e-type=\"container\">\n\t\t\t\t<div class=\"elementor-element elementor-element-0e3f30c elementor-widget elementor-widget-template\" data-id=\"0e3f30c\" data-element_type=\"widget\" data-e-type=\"widget\" data-widget_type=\"template.default\">\n\t\t\t\t<div class=\"elementor-widget-container\">\n\t\t\t\t\t\t\t<div class=\"elementor-template\">\n\t\t\t\t\t<div data-elementor-type=\"container\" data-elementor-id=\"1231\" class=\"elementor elementor-1231\" data-elementor-post-type=\"elementor_library\">\n\t\t\t\t<div class=\"elementor-element elementor-element-c51c8d0 e-flex e-con-boxed e-con e-parent\" data-id=\"c51c8d0\" data-element_type=\"container\" data-e-type=\"container\">\n\t\t\t\t\t<div class=\"e-con-inner\">\n\t\t<div class=\"elementor-element elementor-element-f366ca2 e-con-full e-flex e-con e-child\" data-id=\"f366ca2\" data-element_type=\"container\" data-e-type=\"container\">\n\t\t\t\t<div class=\"elementor-element elementor-element-acf022e elementor-widget elementor-widget-uael-infobox\" data-id=\"acf022e\" data-element_type=\"widget\" data-e-type=\"widget\" data-widget_type=\"uael-infobox.default\">\n\t\t\t\t<div class=\"elementor-widget-container\">\n\t\t\t\t\t\n<div class=\"uael-module-content uael-infobox  uael-infobox-left  uael-infobox-link-type-none\">\n\t<div class=\"uael-infobox-left-right-wrap\">\n\t\t\t\t\t\t<div class=\"uael-infobox-content\">\n\t\t\t\t\t\t<div class='uael-infobox-title-wrap'><p class=\"uael-infobox-title elementor-inline-editing\" data-elementor-setting-key=\"infobox_title\" data-elementor-inline-editing-toolbar=\"basic\" >Contact<\/p><\/div>\t\t\t\t\t\t\t\t\t<div class=\"uael-infobox-text-wrap\">\n\t\t\t\t<div class=\"uael-infobox-text elementor-inline-editing\" data-elementor-setting-key=\"infobox_description\" data-elementor-inline-editing-toolbar=\"advanced\">\n\t\t\t\t\tFor us, service begins with advice. Get in touch with us!\t\t\t\t<\/div>\n\t\t\t\t\t\n\t\t\t\t\t\t\t<\/div>\n\t\t<\/div>\n\t\t\t<\/div>\n<\/div>\n\t\t\t\t<\/div>\n\t\t\t\t<\/div>\n\t\t\t\t<\/div>\n\t\t<div class=\"elementor-element elementor-element-26379e7 e-con-full e-flex e-con e-child\" data-id=\"26379e7\" data-element_type=\"container\" data-e-type=\"container\">\n\t\t\t\t<div class=\"elementor-element elementor-element-0382eab elementor-align-right elementor-mobile-align-left elementor-widget elementor-widget-button\" data-id=\"0382eab\" data-element_type=\"widget\" data-e-type=\"widget\" data-widget_type=\"button.default\">\n\t\t\t\t<div class=\"elementor-widget-container\">\n\t\t\t\t\t\t\t\t\t<div class=\"elementor-button-wrapper\">\n\t\t\t\t\t<a class=\"elementor-button elementor-button-link elementor-size-sm\" href=\"https:\/\/www.eitec-gmbh.de\/en\/contact\/\">\n\t\t\t\t\t\t<span class=\"elementor-button-content-wrapper\">\n\t\t\t\t\t\t\t\t\t<span class=\"elementor-button-text\">Contact<\/span>\n\t\t\t\t\t<\/span>\n\t\t\t\t\t<\/a>\n\t\t\t\t<\/div>\n\t\t\t\t\t\t\t\t<\/div>\n\t\t\t\t<\/div>\n\t\t\t\t<\/div>\n\t\t\t\t\t<\/div>\n\t\t\t\t<\/div>\n\t\t\t\t<\/div>\n\t\t\t\t<\/div>\n\t\t\t\t\t\t<\/div>\n\t\t\t\t<\/div>\n\t\t\t\t<\/div>\n\t\t\t\t\t<\/div>\n\t\t\t\t<\/div>\n\t\t\t\t<\/div>","protected":false},"excerpt":{"rendered":"<p>Entschwefelung Entschwefelung Entschwefelung (DIFF) Der Staubfilter ist im Grundaufbau \u00e4hnlich dem des reinen Staubfilters. Zur Abreinigung von sauren Bestandteilen stehen unterschiedliche Reagenten zur Verf\u00fcgung, die je nach Temperatur, Schadstoff und Feuchte zu w\u00e4hlen sind. Zur Bevorratung des Reagent und zur Entsorgung sind in der Regel 2 Silos vorhanden, von denen einer mit Frischmaterial und der [&hellip;]<\/p>\n","protected":false},"author":1,"featured_media":0,"parent":0,"menu_order":63,"comment_status":"closed","ping_status":"closed","template":"elementor_header_footer","meta":{"site-sidebar-layout":"no-sidebar","site-content-layout":"page-builder","ast-site-content-layout":"full-width-container","site-content-style":"unboxed","site-sidebar-style":"unboxed","ast-global-header-display":"","ast-banner-title-visibility":"","ast-main-header-display":"","ast-hfb-above-header-display":"","ast-hfb-below-header-display":"","ast-hfb-mobile-header-display":"","site-post-title":"disabled","ast-breadcrumbs-content":"","ast-featured-img":"disabled","footer-sml-layout":"","ast-disable-related-posts":"","theme-transparent-header-meta":"disabled","adv-header-id-meta":"","stick-header-meta":"","header-above-stick-meta":"","header-main-stick-meta":"","header-below-stick-meta":"","astra-migrate-meta-layouts":"set","ast-page-background-enabled":"default","ast-page-background-meta":{"desktop":{"background-color":"","background-image":"","background-repeat":"repeat","background-position":"center center","background-size":"auto","background-attachment":"scroll","background-type":"","background-media":"","overlay-type":"","overlay-color":"","overlay-opacity":"","overlay-gradient":""},"tablet":{"background-color":"","background-image":"","background-repeat":"repeat","background-position":"center center","background-size":"auto","background-attachment":"scroll","background-type":"","background-media":"","overlay-type":"","overlay-color":"","overlay-opacity":"","overlay-gradient":""},"mobile":{"background-color":"","background-image":"","background-repeat":"repeat","background-position":"center center","background-size":"auto","background-attachment":"scroll","background-type":"","background-media":"","overlay-type":"","overlay-color":"","overlay-opacity":"","overlay-gradient":""}},"ast-content-background-meta":{"desktop":{"background-color":"var(--ast-global-color-5)","background-image":"","background-repeat":"repeat","background-position":"center center","background-size":"auto","background-attachment":"scroll","background-type":"","background-media":"","overlay-type":"","overlay-color":"","overlay-opacity":"","overlay-gradient":""},"tablet":{"background-color":"var(--ast-global-color-5)","background-image":"","background-repeat":"repeat","background-position":"center center","background-size":"auto","background-attachment":"scroll","background-type":"","background-media":"","overlay-type":"","overlay-color":"","overlay-opacity":"","overlay-gradient":""},"mobile":{"background-color":"var(--ast-global-color-5)","background-image":"","background-repeat":"repeat","background-position":"center center","background-size":"auto","background-attachment":"scroll","background-type":"","background-media":"","overlay-type":"","overlay-color":"","overlay-opacity":"","overlay-gradient":""}},"footnotes":""},"class_list":["post-2797","page","type-page","status-publish","hentry"],"yoast_head":"<!-- This site is optimized with the Yoast SEO plugin v27.5 - https:\/\/yoast.com\/product\/yoast-seo-wordpress\/ -->\n<title>Entschwefelung - DIFF - E.I.Tec. GmbH Energie- und Umwelttechnologie<\/title>\n<meta name=\"robots\" content=\"index, follow, max-snippet:-1, max-image-preview:large, max-video-preview:-1\" \/>\n<link rel=\"canonical\" href=\"https:\/\/www.eitec-gmbh.de\/en\/desulphurization-diff\/\" \/>\n<meta property=\"og:locale\" content=\"en_US\" \/>\n<meta property=\"og:type\" content=\"article\" \/>\n<meta property=\"og:title\" content=\"Entschwefelung - DIFF - E.I.Tec. GmbH Energie- und Umwelttechnologie\" \/>\n<meta property=\"og:description\" content=\"Entschwefelung Entschwefelung Entschwefelung (DIFF) Der Staubfilter ist im Grundaufbau \u00e4hnlich dem des reinen Staubfilters. Zur Abreinigung von sauren Bestandteilen stehen unterschiedliche Reagenten zur Verf\u00fcgung, die je nach Temperatur, Schadstoff und Feuchte zu w\u00e4hlen sind. Zur Bevorratung des Reagent und zur Entsorgung sind in der Regel 2 Silos vorhanden, von denen einer mit Frischmaterial und der [&hellip;]\" \/>\n<meta property=\"og:url\" content=\"https:\/\/www.eitec-gmbh.de\/en\/desulphurization-diff\/\" \/>\n<meta property=\"og:site_name\" content=\"E.I.Tec. GmbH Energie- und Umwelttechnologie\" \/>\n<meta property=\"article:modified_time\" content=\"2024-09-05T07:28:36+00:00\" \/>\n<script type=\"application\/ld+json\" class=\"yoast-schema-graph\">{\"@context\":\"https:\\\/\\\/schema.org\",\"@graph\":[{\"@type\":\"WebPage\",\"@id\":\"https:\\\/\\\/www.eitec-gmbh.de\\\/entschwefelung-diff\\\/\",\"url\":\"https:\\\/\\\/www.eitec-gmbh.de\\\/entschwefelung-diff\\\/\",\"name\":\"Entschwefelung - DIFF - E.I.Tec. GmbH Energie- und Umwelttechnologie\",\"isPartOf\":{\"@id\":\"https:\\\/\\\/www.eitec-gmbh.de\\\/#website\"},\"datePublished\":\"2024-09-05T07:02:47+00:00\",\"dateModified\":\"2024-09-05T07:28:36+00:00\",\"breadcrumb\":{\"@id\":\"https:\\\/\\\/www.eitec-gmbh.de\\\/entschwefelung-diff\\\/#breadcrumb\"},\"inLanguage\":\"en-US\",\"potentialAction\":[{\"@type\":\"ReadAction\",\"target\":[\"https:\\\/\\\/www.eitec-gmbh.de\\\/entschwefelung-diff\\\/\"]}]},{\"@type\":\"BreadcrumbList\",\"@id\":\"https:\\\/\\\/www.eitec-gmbh.de\\\/entschwefelung-diff\\\/#breadcrumb\",\"itemListElement\":[{\"@type\":\"ListItem\",\"position\":1,\"name\":\"Startseite\",\"item\":\"https:\\\/\\\/www.eitec-gmbh.de\\\/\"},{\"@type\":\"ListItem\",\"position\":2,\"name\":\"Entschwefelung &#8211; DIFF\"}]},{\"@type\":\"WebSite\",\"@id\":\"https:\\\/\\\/www.eitec-gmbh.de\\\/#website\",\"url\":\"https:\\\/\\\/www.eitec-gmbh.de\\\/\",\"name\":\"E.I.Tec. GmbH\",\"description\":\"We are doing things today for tomorrow\",\"publisher\":{\"@id\":\"https:\\\/\\\/www.eitec-gmbh.de\\\/#organization\"},\"potentialAction\":[{\"@type\":\"SearchAction\",\"target\":{\"@type\":\"EntryPoint\",\"urlTemplate\":\"https:\\\/\\\/www.eitec-gmbh.de\\\/?s={search_term_string}\"},\"query-input\":{\"@type\":\"PropertyValueSpecification\",\"valueRequired\":true,\"valueName\":\"search_term_string\"}}],\"inLanguage\":\"en-US\"},{\"@type\":\"Organization\",\"@id\":\"https:\\\/\\\/www.eitec-gmbh.de\\\/#organization\",\"name\":\"E.I.Tec. GmbH Energie- und Umwelttechnologie\",\"alternateName\":\"E.I.Tec. GmbH\",\"url\":\"https:\\\/\\\/www.eitec-gmbh.de\\\/\",\"logo\":{\"@type\":\"ImageObject\",\"inLanguage\":\"en-US\",\"@id\":\"https:\\\/\\\/www.eitec-gmbh.de\\\/#\\\/schema\\\/logo\\\/image\\\/\",\"url\":\"https:\\\/\\\/www.eitec-gmbh.de\\\/wp-content\\\/uploads\\\/2024\\\/03\\\/logo_2013.png\",\"contentUrl\":\"https:\\\/\\\/www.eitec-gmbh.de\\\/wp-content\\\/uploads\\\/2024\\\/03\\\/logo_2013.png\",\"width\":583,\"height\":425,\"caption\":\"E.I.Tec. GmbH Energie- und Umwelttechnologie\"},\"image\":{\"@id\":\"https:\\\/\\\/www.eitec-gmbh.de\\\/#\\\/schema\\\/logo\\\/image\\\/\"}}]}<\/script>\n<!-- \/ Yoast SEO plugin. -->","yoast_head_json":{"title":"Desulphurization - DIFF - E.I.Tec. GmbH Energy and Environmental Technology","robots":{"index":"index","follow":"follow","max-snippet":"max-snippet:-1","max-image-preview":"max-image-preview:large","max-video-preview":"max-video-preview:-1"},"canonical":"https:\/\/www.eitec-gmbh.de\/en\/desulphurization-diff\/","og_locale":"en_US","og_type":"article","og_title":"Entschwefelung - DIFF - E.I.Tec. GmbH Energie- und Umwelttechnologie","og_description":"Entschwefelung Entschwefelung Entschwefelung (DIFF) Der Staubfilter ist im Grundaufbau \u00e4hnlich dem des reinen Staubfilters. Zur Abreinigung von sauren Bestandteilen stehen unterschiedliche Reagenten zur Verf\u00fcgung, die je nach Temperatur, Schadstoff und Feuchte zu w\u00e4hlen sind. Zur Bevorratung des Reagent und zur Entsorgung sind in der Regel 2 Silos vorhanden, von denen einer mit Frischmaterial und der [&hellip;]","og_url":"https:\/\/www.eitec-gmbh.de\/en\/desulphurization-diff\/","og_site_name":"E.I.Tec. GmbH Energie- und Umwelttechnologie","article_modified_time":"2024-09-05T07:28:36+00:00","schema":{"@context":"https:\/\/schema.org","@graph":[{"@type":"WebPage","@id":"https:\/\/www.eitec-gmbh.de\/entschwefelung-diff\/","url":"https:\/\/www.eitec-gmbh.de\/entschwefelung-diff\/","name":"Desulphurization - DIFF - E.I.Tec. GmbH Energy and Environmental Technology","isPartOf":{"@id":"https:\/\/www.eitec-gmbh.de\/#website"},"datePublished":"2024-09-05T07:02:47+00:00","dateModified":"2024-09-05T07:28:36+00:00","breadcrumb":{"@id":"https:\/\/www.eitec-gmbh.de\/entschwefelung-diff\/#breadcrumb"},"inLanguage":"en-US","potentialAction":[{"@type":"ReadAction","target":["https:\/\/www.eitec-gmbh.de\/entschwefelung-diff\/"]}]},{"@type":"BreadcrumbList","@id":"https:\/\/www.eitec-gmbh.de\/entschwefelung-diff\/#breadcrumb","itemListElement":[{"@type":"ListItem","position":1,"name":"Startseite","item":"https:\/\/www.eitec-gmbh.de\/"},{"@type":"ListItem","position":2,"name":"Entschwefelung &#8211; DIFF"}]},{"@type":"WebSite","@id":"https:\/\/www.eitec-gmbh.de\/#website","url":"https:\/\/www.eitec-gmbh.de\/","name":"E.I.Tec. GmbH","description":"We are doing things today for tomorrow","publisher":{"@id":"https:\/\/www.eitec-gmbh.de\/#organization"},"potentialAction":[{"@type":"SearchAction","target":{"@type":"EntryPoint","urlTemplate":"https:\/\/www.eitec-gmbh.de\/?s={search_term_string}"},"query-input":{"@type":"PropertyValueSpecification","valueRequired":true,"valueName":"search_term_string"}}],"inLanguage":"en-US"},{"@type":"Organization","@id":"https:\/\/www.eitec-gmbh.de\/#organization","name":"E.I.Tec GmbH | Systems for Energy &amp; Environmental Technology","alternateName":"E.I.Tec. GmbH","url":"https:\/\/www.eitec-gmbh.de\/","logo":{"@type":"ImageObject","inLanguage":"en-US","@id":"https:\/\/www.eitec-gmbh.de\/#\/schema\/logo\/image\/","url":"https:\/\/www.eitec-gmbh.de\/wp-content\/uploads\/2024\/03\/logo_2013.png","contentUrl":"https:\/\/www.eitec-gmbh.de\/wp-content\/uploads\/2024\/03\/logo_2013.png","width":583,"height":425,"caption":"E.I.Tec. GmbH Energie- und Umwelttechnologie"},"image":{"@id":"https:\/\/www.eitec-gmbh.de\/#\/schema\/logo\/image\/"}}]}},"_links":{"self":[{"href":"https:\/\/www.eitec-gmbh.de\/en\/wp-json\/wp\/v2\/pages\/2797","targetHints":{"allow":["GET"]}}],"collection":[{"href":"https:\/\/www.eitec-gmbh.de\/en\/wp-json\/wp\/v2\/pages"}],"about":[{"href":"https:\/\/www.eitec-gmbh.de\/en\/wp-json\/wp\/v2\/types\/page"}],"author":[{"embeddable":true,"href":"https:\/\/www.eitec-gmbh.de\/en\/wp-json\/wp\/v2\/users\/1"}],"replies":[{"embeddable":true,"href":"https:\/\/www.eitec-gmbh.de\/en\/wp-json\/wp\/v2\/comments?post=2797"}],"version-history":[{"count":6,"href":"https:\/\/www.eitec-gmbh.de\/en\/wp-json\/wp\/v2\/pages\/2797\/revisions"}],"predecessor-version":[{"id":2818,"href":"https:\/\/www.eitec-gmbh.de\/en\/wp-json\/wp\/v2\/pages\/2797\/revisions\/2818"}],"wp:attachment":[{"href":"https:\/\/www.eitec-gmbh.de\/en\/wp-json\/wp\/v2\/media?parent=2797"}],"curies":[{"name":"wp","href":"https:\/\/api.w.org\/{rel}","templated":true}]}}